{"id":31,"date":"2023-05-15T20:56:24","date_gmt":"2023-05-15T20:56:24","guid":{"rendered":"https:\/\/plesalec.org\/ples24\/?page_id=31"},"modified":"2023-05-15T20:58:21","modified_gmt":"2023-05-15T20:58:21","slug":"o-meni","status":"publish","type":"page","link":"https:\/\/plesalec.org\/ples\/o-meni\/","title":{"rendered":"O meni"},"content":{"rendered":"<p>Andrej Novotny, u\u010ditelj plesa, 041 746 933<\/p>\n<p>&nbsp;<\/p>\n<p>O pi\u0161kotkih:<\/p>\n<p>Spletni pi\u0161kotki so datoteke, v katerih so zapisani osnovni podatki o va\u0161em obisku spletne strani. S pi\u0161kotki pospe\u0161imo delovanje strani in pridobimo statisti\u010dne podatke o \u010dasu va\u0161ega obiska in viru prometa. Uporabljamo jih le za namene statistike. Pi\u0161kotki se ob va\u0161em obisku shranijo na stre\u017eniku na\u0161ega ponudnika, kjer so varovani z najsodobnej\u0161imi varnostnimi standardi. Shranijo se tudi na va\u0161em ra\u010dunalniku. \u010ce jih \u017eelite pobrisati, to storite v va\u0161em brskalniku v okencu Nastavitve \/ Pi\u0161kotki, oz. Settings \/ Cookies. Ker se brskalniki precej razlikujejo med seboj, so tule podrobnej\u0161a navodila.<\/p>\n<p>\u010ce potrebujete dodatne informacije, pokli\u010dite zgoraj zapisano \u0161tevilko.<\/p>\n<p>&nbsp;<\/p>\n","protected":false},"excerpt":{"rendered":"<p>Andrej Novotny, u\u010ditelj plesa, 041 746 933 &nbsp; O pi\u0161kotkih: Spletni pi\u0161kotki so datoteke, v katerih so zapisani osnovni podatki o va\u0161em obisku spletne strani. S pi\u0161kotki pospe\u0161imo delovanje strani in pridobimo statisti\u010dne podatke o \u010dasu va\u0161ega obiska in viru prometa. Uporabljamo jih le za namene statistike. Pi\u0161kotki se ob va\u0161em obisku shranijo na stre\u017eniku [&hellip;]<\/p>\n","protected":false},"author":1,"featured_media":0,"parent":0,"menu_order":3,"comment_status":"closed","ping_status":"closed","template":"","meta":{"footnotes":""},"class_list":["post-31","page","type-page","status-publish","hentry"],"_links":{"self":[{"href":"https:\/\/plesalec.org\/ples\/wp-json\/wp\/v2\/pages\/31","targetHints":{"allow":["GET"]}}],"collection":[{"href":"https:\/\/plesalec.org\/ples\/wp-json\/wp\/v2\/pages"}],"about":[{"href":"https:\/\/plesalec.org\/ples\/wp-json\/wp\/v2\/types\/page"}],"author":[{"embeddable":true,"href":"https:\/\/plesalec.org\/ples\/wp-json\/wp\/v2\/users\/1"}],"replies":[{"embeddable":true,"href":"https:\/\/plesalec.org\/ples\/wp-json\/wp\/v2\/comments?post=31"}],"version-history":[{"count":3,"href":"https:\/\/plesalec.org\/ples\/wp-json\/wp\/v2\/pages\/31\/revisions"}],"predecessor-version":[{"id":35,"href":"https:\/\/plesalec.org\/ples\/wp-json\/wp\/v2\/pages\/31\/revisions\/35"}],"wp:attachment":[{"href":"https:\/\/plesalec.org\/ples\/wp-json\/wp\/v2\/media?parent=31"}],"curies":[{"name":"wp","href":"https:\/\/api.w.org\/{rel}","templated":true}]}}