{"id":29,"date":"2023-05-15T20:54:37","date_gmt":"2023-05-15T20:54:37","guid":{"rendered":"https:\/\/plesalec.org\/ples24\/?page_id=29"},"modified":"2023-07-14T20:48:24","modified_gmt":"2023-07-14T20:48:24","slug":"salsa","status":"publish","type":"page","link":"https:\/\/plesalec.org\/ples\/salsa\/","title":{"rendered":"Salsa"},"content":{"rendered":"<p>Ko se ple\u0161e salsa, se zabava zavle\u010de do zgodnjih jutranjih ur. Utrujenost se umika pred salsa koraki. Te\u010daj salse, ki ji \u0161e vedno pravijo umazani ples, pa je lahko le uvod v nov na\u010din \u017eivljenja v latino ritmih.<\/p>\n<p>Namesto poslovilnih besed je sli\u0161ati: &#8220;Je \u0161e kje kaj odprto? Kdo \u0161e vrti? Kje se dobimo jutri?&#8221; \u010ce \u010desa tak\u0161nega \u0161e niste do\u017eiveli, se pripravite, da v kratkem najbr\u017e boste. Kajti u\u010denje salse je pri vrhu povpra\u0161evanj.<\/p>\n<p><a href=\"https:\/\/plesalec.org\/ples\/wp-content\/uploads\/2023\/05\/salsa-01.jpg\"><img loading=\"lazy\" decoding=\"async\" class=\"aligncenter size-full wp-image-75\" src=\"https:\/\/plesalec.org\/ples\/wp-content\/uploads\/2023\/05\/salsa-01.jpg\" alt=\"\" width=\"650\" height=\"375\" \/><\/a><\/p>\n<p>&nbsp;<\/p>\n<h2>Je bila prej omaka salsa ali salsa ples?<\/h2>\n<p>Razli\u010dni viri imajo o za\u010detkih salse zelo razli\u010dna mnenja, ki so jih v\u010dasih pripravljeni zagovarjati z zobmi in nohti. Za ljubitelje statistike naj torej obvelja podatek, da je kubanski glasbenik Ignacio Pi\u00f1eiro skladbo Echale Salsita napisal leta 1929, jo izven meja prvi\u010d predstavil v Chicagu 1932 in posnel leto kasneje.<\/p>\n<p>Vendar je to le ena izmed pomembnih prelomnic v obstoju tega temperamentnega latinoameri\u0161kega plesa, ki ga ple\u0161emo na ni\u010d manj temperamentno glasbo v zna\u010dilnem ritmu hitro-hitro-po\u010dasi ali pa kako druga\u010de. Velja namre\u010d, da se glasbeni strokovnjaki tudi v tem ne strinjajo. Se pa gotovo ni te\u017eko strinjati, da je bila v 60. letih prej\u0161njega stoletja, ko je bila na pohodu bitlomanija, ko se je plesalo rokenrol in tvist, latinskoameri\u0161ka glasba v resni krizi.<\/p>\n<p>Ena poglavitnih te\u017eav je bila ponudba plesov mambo, \u010da\u010da\u010da in drugih, ki jih ob me\u0161anju z jazzom in kubanskimi ritmi ni prakti\u010dno nih\u010de ve\u010d lo\u010dil. Zato se je Izzy San\u00e1bria iz Fania Records odlo\u010dil, da bo s pomo\u010djo svoje revije posve\u010dene latino glasbi, svetu ponudil enotno poimenovanje komaj prepoznavne godlje vsega na\u0161tetega.<\/p>\n<p>Salsa (v prevodu omaka, \u010deprav lahko pomeni tudi brco ali udarec), kot jo poznamo danes, je tako nastala iz preproste \u017eelje po enostavnej\u0161em tr\u017eenju. O imenu je bilo veliko razglabljanj, gotovo pa je veliko prinesel jazz, v katerem so &#8216;kuharski&#8217; izrazi (jammin, smokin&#8217; in podobno) nekaj obi\u010dajnega.<\/p>\n<p><a href=\"https:\/\/plesalec.org\/ples\/wp-content\/uploads\/2023\/05\/salsa-02.jpg\"><img loading=\"lazy\" decoding=\"async\" class=\"aligncenter size-full wp-image-76\" src=\"https:\/\/plesalec.org\/ples\/wp-content\/uploads\/2023\/05\/salsa-02.jpg\" alt=\"\" width=\"650\" height=\"375\" \/><\/a><\/p>\n<h2>Politika in ples<\/h2>\n<p>Ludvik XIV. je iz dru\u017eabnega plesa naredil pomembno politi\u010dno oro\u017eje. Najnovej\u0161e korake so poznali samo na dvoru. Kdor je znal plesati, je bil v njegovi milosti, kdor ne &#8230; Tako so mnogi plemi\u010di izgubljali stik s sorodstvom na de\u017eeli, kar je pomenilo pe\u0161anje njihove mo\u010di in krepitev kraljeve.Torej ni \u010dudno, da so plesne korake aristokrati (prek \u0160panije, saj se je Son\u010dni kralj o\u017eenil s \u0160panko) prenesli tudi v kolonije.<\/p>\n<p>dirty dancingDana\u0161nji Haiti, Dominikanska republika in Kuba so bili med prvimi. S politiko je v tedanji Novi svet prihajala katoli\u0161ka vera kot jasno nasprotje kolonizatorjem protestantske vere (\u0160pancem so bili nevarni predvsem Nizozemci). \u0160panci so svojim su\u017enjem pu\u0161\u010dali bistveno manj svobode pri veroizpovedi kot so je imeli francoski, zato je pri\u0161lo v naslednjih stoletjih do precej\u0161njih obra\u010dunavanj in zamer, ki trajajo \u0161e danes. Seveda je vse to \u010dutiti tudi v salsi, pa ne le pri besedilih, ki obravnavajo zares \u0161irok izbor tematik, od klasi\u010dnih ljubezenskih do opevanja \u017eetve ali zaporni\u0161kega \u017eivljenja.<\/p>\n<p>Ena izmed legend hitre korake v salsi pojasnjuje s preprostim dejstvom, da so bili su\u017enji okovani. Ker niso mogli niti v redkih prostih trenutkih zaplesati svojih plesov, so si izmislili nove. S kratkimi koraki in v zelo \u017eivahnem ritmu, da bi vsaj tako dokazali svojo spretnost, \u010de so jim bili \u017ee dolgi koraki in poskoki, zna\u010dilni za plemenske plese, onemogo\u010deni.<\/p>\n<p><a href=\"https:\/\/plesalec.org\/ples\/wp-content\/uploads\/2023\/05\/salsa-03.jpg\"><img loading=\"lazy\" decoding=\"async\" class=\"aligncenter size-full wp-image-77\" src=\"https:\/\/plesalec.org\/ples\/wp-content\/uploads\/2023\/05\/salsa-03.jpg\" alt=\"\" width=\"650\" height=\"375\" \/><\/a><\/p>\n<h2>Bobni<\/h2>\n<p>Tudi tisti, ki so salso sli\u0161ali le enkrat, so gotovo opazili nenavadno zapleten ritem tolkal, ki jim nevajeno uho le ste\u017eka sledi. Evropejci smo vajeni preprostih pravil. En udarec pomeni en korak. \u010ce so udarci prehitri, pa\u010d upo\u0161teva\u0161 le vsakega drugega. Toda pri salsi je druga\u010de, \u010deprav ne nujno bolj zapleteno. Ugotovili smo \u017ee, da so ji ritmi\u010dno podlago dali potomci afri\u0161kih su\u017enjev. V Afriki pa se ple\u0161e ob zelo poudarjenem bobnanju. Tolkalci se med seboj lo\u010dijo po opremi in tehniki.<\/p>\n<p>Pogosto je sli\u0161ati pol ducata ali \u0161e ve\u010d ritmov, ki se zlivajo v presenetljivo ubrano celoto. To omogo\u010da en sam, &#8216;klju\u010dni&#8217; ritem. Dokler mu ostali sledijo, je vse v redu. Telo poslu\u0161alca se kar samo odziva. Poskakovanje postane skoraj obvezno.<\/p>\n<p>odprta figura pri salsiKer skoki predstavljajo precej\u0161njo obremenitev za sklepe, jih je seveda pametno izvajati s pokr\u010denimi koleni. Tako pride ob pristanku na trdna tla do ubla\u017eitve udarca in zna\u010dilnega potiskanja bokov ven v kontrapunktu.<\/p>\n<p>Seveda so se na Kubi glasbeniki prilagodili polo\u017eaju. Ker so pogosto potovali, so se odrekli velikim bobnom, obdr\u017eali bonge in botijo (kerami\u010den boben, ki izvira iz posod za olje), zvok pa obogatili s kitaro, marimbulo (vrsta vibrafona) in posebno kitaro s tremi strunami, imenovano tres. Manjkal ni niti vokal, ki je praviloma improviziral. V 18. stoletju so bili tako postavljeni temelji dana\u0161nje salse. Toda za njen nastanek je moralo priti \u0161e do nadaljnjega me\u0161anja vplivov. To je bilo v\u010dasih vse prej kot enostavno, saj so razdalje v 19. stoletju lahko predstavljale resne te\u017eave. Poleg tega si danes najbr\u017e niti ne moremo predstavljati kako te\u017eko je bilo \u0161e pred nekaj desetletji sestaviti me\u0161an (se pravi s \u010drnci in belci) orkester. Skoraj vsi lokali, v katerih so si glasbeniki slu\u017eili kruh, so bili namre\u010d namenjeni le gostom ene barve polti.<\/p>\n<p><a href=\"https:\/\/plesalec.org\/ples\/wp-content\/uploads\/2023\/05\/salsa-04.jpg\"><img loading=\"lazy\" decoding=\"async\" class=\"aligncenter size-full wp-image-78\" src=\"https:\/\/plesalec.org\/ples\/wp-content\/uploads\/2023\/05\/salsa-04.jpg\" alt=\"\" width=\"650\" height=\"375\" \/><\/a><\/p>\n<h2>Revolucija, salsa, umazani ples<\/h2>\n<p>V 30., 40. in 50. letih prej\u0161njega stoletja je Kubi vladal Fulgencio Batista, ki je na \u0161iroko odprl vrata ameri\u0161kemu uradnemu in mafijskemu kapitalu. Tako je salsa, ki se je tedaj imenovala danzon, dobila zadnjo pomembno sestavino za svoje rojstvo &#8211; jazz. Potem je pri\u0161lo do revolucije, med katero je na oblast pri\u0161el Fidel Castro, Kuba pa v izolacijo. Kulturna izmenjava z ZDA se je seveda zmanj\u0161ala, a novi ritmi, ki so nastajali na Kubi, so vseeno odhajali v svet.<\/p>\n<p>Vendar je najbr\u017e prav ta delna prekinitev stikov kriva za to, da se danes v svetu za prevlado potegujejo vsaj tri \u0161ole salse. Pri newyor\u0161ki je najopaznej\u0161a zmes portori\u0161kih vplivov, po zaslugi gostovanj plesnih u\u010diteljev in pokojne Celie Cruz pa v Sloveniji prav to najbolj poznamo.<\/p>\n<p>plesni cevlji za salsoKolumbijska se je razvijala najbolj samostojno, a s temno senco pogostega pokroviteljstva kokainskih kartelov. Kubanski verjetno najbli\u017eja je \u0161ola v Miamiju (kamor je prebegnilo veliko kubanskih beguncev, ti pa so salso spolitizirali v simbol svobodne Kube brez Castra). Tudi nepoznavalci bodo hitro opazili, da salso nekateri ple\u0161ejo bolj naprej-nazaj, drugi bolj levo-desno, da nekateri za\u010denjajo s prvim, drugi z drugim taktom, da so obrati lahko vedno v isti ali v razli\u010dnih smereh, \u010de niti ne omenjamo fines v upogibanju stopal in nihanju bokov.<\/p>\n<p>Naj bo tako ali druga\u010de, salsa ostaja strasten ples, ki omogo\u010da sporazumevanje med \u017eensko in mo\u0161kim na najosnovnej\u0161em nivoju, z govorico telesa. Pomislimo le na legendarni film Umazani ples! Kdor si omisli te\u010daj salse, je praviloma nagrajen s kopico vznemirljivih idej in zabave.<\/p>\n","protected":false},"excerpt":{"rendered":"<p>Ko se ple\u0161e salsa, se zabava zavle\u010de do zgodnjih jutranjih ur. Utrujenost se umika pred salsa koraki. Te\u010daj salse, ki ji \u0161e vedno pravijo umazani ples, pa je lahko le uvod v nov na\u010din \u017eivljenja v latino ritmih. Namesto poslovilnih besed je sli\u0161ati: &#8220;Je \u0161e kje kaj odprto? Kdo \u0161e vrti? Kje se dobimo jutri?&#8221; [&hellip;]<\/p>\n","protected":false},"author":1,"featured_media":0,"parent":0,"menu_order":2,"comment_status":"closed","ping_status":"closed","template":"","meta":{"footnotes":""},"class_list":["post-29","page","type-page","status-publish","hentry"],"_links":{"self":[{"href":"https:\/\/plesalec.org\/ples\/wp-json\/wp\/v2\/pages\/29","targetHints":{"allow":["GET"]}}],"collection":[{"href":"https:\/\/plesalec.org\/ples\/wp-json\/wp\/v2\/pages"}],"about":[{"href":"https:\/\/plesalec.org\/ples\/wp-json\/wp\/v2\/types\/page"}],"author":[{"embeddable":true,"href":"https:\/\/plesalec.org\/ples\/wp-json\/wp\/v2\/users\/1"}],"replies":[{"embeddable":true,"href":"https:\/\/plesalec.org\/ples\/wp-json\/wp\/v2\/comments?post=29"}],"version-history":[{"count":6,"href":"https:\/\/plesalec.org\/ples\/wp-json\/wp\/v2\/pages\/29\/revisions"}],"predecessor-version":[{"id":138,"href":"https:\/\/plesalec.org\/ples\/wp-json\/wp\/v2\/pages\/29\/revisions\/138"}],"wp:attachment":[{"href":"https:\/\/plesalec.org\/ples\/wp-json\/wp\/v2\/media?parent=29"}],"curies":[{"name":"wp","href":"https:\/\/api.w.org\/{rel}","templated":true}]}}